{"id":43,"date":"2023-04-11T18:10:30","date_gmt":"2023-04-11T16:10:30","guid":{"rendered":"https:\/\/ambasciatapraga.esteri.it\/?page_id=43"},"modified":"2025-12-17T11:50:24","modified_gmt":"2025-12-17T08:50:24","slug":"diplomazia-economica","status":"publish","type":"page","link":"https:\/\/ambmanama.esteri.it\/it\/italia-e-bahrein\/diplomazia-economica\/","title":{"rendered":"Diplomazia economica"},"content":{"rendered":"<p>Il &#8220;sistema Italia&#8221; vanta una presenza di lunga data in Bahrein, il cui sviluppo industriale a partire dagli anni &#8217;70 e &#8217;80 si \u00e8 avvalso in buona parte di macchinari e tecnologia italiani.<\/p>\n<p>L\u2019export italiano continua ad essere trainato da macchinari, impianti, mobili, materiali da costruzione, mezzi di trasporto, moda, agroalimentare, mentre le importazioni italiane dal Bahrein riguardano principalmente i prodotti della raffinazione del petrolio e l\u2019alluminio.<\/p>\n<p>Sul fronte degli investimenti, il 2016 ha visto la prima operazione in Italia del fondo sovrano bahreinita Mumtalakat (nel settore sociosanitario), mentre da parte italiana si conferma l&#8217;interesse per le opportunit\u00e0 offerte dai numerosi progetti nel campo delle infrastrutture e delle costruzioni. Resta poi di rilievo la presenza italiana, principalmente nel settore della raffinazione del petrolio e del petrolchimico.<\/p>\n<p>Ad ogni modo, le opportunit\u00e0 per le aziende italiane non sono pi\u00f9 soltanto legate al settore dell\u2019oil&amp;gas: oggi il Bahrein offre occasioni anche nella logistica, nel turismo e nei servizi.<\/p>\n<p>Il Paese \u00e8 storicamente aperto agli investimenti esteri, tanto che dal 2016 \u00e8 consentita la propriet\u00e0 straniera al 100% di imprese e immobili (con alcune eccezioni settoriali).<\/p>\n<p>L&#8217;Ufficio di ICE-\u00a0 Agenzia competente per il Bahrein \u00e8 l\u2019<a href=\"https:\/\/www.ice.it\/it\/mercati\/qatar\/doha#\">Ufficio di Doha<\/a> (Qatar) ma, dall&#8217;1 luglio 2020, e\u2019 operativo presso l\u2019Ambasciata d\u2019Italia a Manama un <a href=\"https:\/\/ambmanama.esteri.it\/it\/italia-e-bahrein\/diplomazia-economica\/fare-affari-in-bahrein\/il-desk-manama-di-ice-agenzia\/\">Desk di ICE &#8211; Agenzia dedicato al Bahrein<\/a>.<\/p>\n<p>&nbsp;<\/p>\n<p style=\"text-align: center;\"><a href=\"https:\/\/www.esteri.it\/it\/diplomazia-economica-e-politica-commerciale\/diplomaziaeconomica\/\"><img loading=\"lazy\" decoding=\"async\" class=\"aligncenter wp-image-732 img-fluid\" src=\"https:\/\/ambmanama.esteri.it\/wp-content\/uploads\/2023\/09\/Loghi-DEI-e-MAECI.jpg\" alt=\"\" width=\"766\" height=\"85\" srcset=\"https:\/\/ambmanama.esteri.it\/wp-content\/uploads\/2023\/09\/Loghi-DEI-e-MAECI.jpg 757w, https:\/\/ambmanama.esteri.it\/wp-content\/uploads\/2023\/09\/Loghi-DEI-e-MAECI-300x33.jpg 300w\" sizes=\"auto, (max-width: 766px) 100vw, 766px\" \/><\/a><\/p>\n<p>&nbsp;<\/p>\n<hr \/>\n<p>&nbsp;<\/p>\n<p style=\"text-align: center;\"><span style=\"text-decoration: underline;\"><strong>CONTATTI<\/strong><\/span><\/p>\n<p>&nbsp;<\/p>\n<p style=\"text-align: center;\"><strong>Ufficio Commerciale dell&#8217;Ambasciata d&#8217;Italia in Bahrein<\/strong><\/p>\n<p style=\"text-align: center;\"><em>Indirizzo<\/em>: Villa 1554, Block 356 Manama, Rd No 5647, Manama (Bahrein)<\/p>\n<p style=\"text-align: center;\"><em>Telefono<\/em>:+973 1740 0158<\/p>\n<p style=\"text-align: center;\"><em>Email<\/em>: si prega di utilizzare il <a href=\"https:\/\/nexus.esteri.it\/?sede=385\">form disponibile cliccando qui<\/a>.<\/p>\n<p style=\"text-align: center;\"><a href=\"https:\/\/nexus.esteri.it\/?sede=385\"><img loading=\"lazy\" decoding=\"async\" class=\"aligncenter wp-image-730 img-fluid\" src=\"https:\/\/ambmanama.esteri.it\/wp-content\/uploads\/2023\/09\/Logo-NEXUS.jpg\" alt=\"\" width=\"281\" height=\"197\" \/><\/a><\/p>\n<p>&nbsp;<\/p>\n<p style=\"text-align: center;\"><a href=\"https:\/\/ambmanama.esteri.it\/it\/italia-e-bahrein\/diplomazia-economica\/fare-affari-in-bahrein\/il-desk-manama-di-ice-agenzia\/\"><strong>Desk\u00a0<\/strong><strong>Manama di <\/strong><strong>ICE -Agenzia<\/strong><\/a><\/p>\n<p style=\"text-align: center;\"><em>Indirizzo<\/em>: Ambasciata d&#8217;Italia a Manama, Villa 1554, Block 356 Manama, Rd No 5647, Manama (Bahrein)<\/p>\n<p style=\"text-align: center;\"><em>Telefono<\/em>:+973 1740 0158<\/p>\n<p style=\"text-align: center;\"><em>Email<\/em>: manama@ice.it<\/p>\n<p>&nbsp;<\/p>\n<p style=\"text-align: center;\"><a href=\"https:\/\/www.ice.it\/it\/mercati\/qatar\/doha#\"><strong>Ufficio ICE &#8211; Agenzia di Doha<\/strong><\/a><\/p>\n<p style=\"text-align: center;\"><em>Indirizzo<\/em>: Al Jazeera Tower, Conference Street, Doha, Ufficio n. 804, piano 8, Doha (Qatar)<\/p>\n<p style=\"text-align: center;\"><em>Telefono<\/em>: +974 44836695\u00a0 \/ 44210593<\/p>\n<p style=\"text-align: center;\"><em>Fax<\/em>\u00a0+974\u00a0 4212515<\/p>\n<p style=\"text-align: center;\"><em>Email<\/em>: doha@ice.it<\/p>\n<p>&nbsp;<\/p>\n<p><a href=\"https:\/\/www.ice.it\/it\/\"><img loading=\"lazy\" decoding=\"async\" class=\"aligncenter size-full wp-image-550 img-fluid\" src=\"https:\/\/ambmanama.esteri.it\/wp-content\/uploads\/2023\/09\/ita.png\" alt=\"\" width=\"766\" height=\"139\" srcset=\"https:\/\/ambmanama.esteri.it\/wp-content\/uploads\/2023\/09\/ita.png 766w, https:\/\/ambmanama.esteri.it\/wp-content\/uploads\/2023\/09\/ita-300x54.png 300w\" sizes=\"auto, (max-width: 766px) 100vw, 766px\" \/><\/a><\/p>\n","protected":false},"excerpt":{"rendered":"Il &#8220;sistema Italia&#8221; vanta una presenza di lunga data in Bahrein, il cui sviluppo industriale a partire dagli anni &#8217;70 e &#8217;80 si \u00e8 avvalso in buona parte di macchinari e tecnologia italiani. L\u2019export italiano continua ad essere trainato da macchinari, impianti, mobili, materiali da costruzione, mezzi di trasporto, moda, agroalimentare, mentre le importazioni italiane [&hellip;]","protected":false},"author":1,"featured_media":0,"parent":14,"menu_order":0,"comment_status":"closed","ping_status":"closed","template":"","meta":{"footnotes":""},"class_list":["post-43","page","type-page","status-publish","hentry"],"_links":{"self":[{"href":"https:\/\/ambmanama.esteri.it\/it\/wp-json\/wp\/v2\/pages\/43","targetHints":{"allow":["GET"]}}],"collection":[{"href":"https:\/\/ambmanama.esteri.it\/it\/wp-json\/wp\/v2\/pages"}],"about":[{"href":"https:\/\/ambmanama.esteri.it\/it\/wp-json\/wp\/v2\/types\/page"}],"author":[{"embeddable":true,"href":"https:\/\/ambmanama.esteri.it\/it\/wp-json\/wp\/v2\/users\/1"}],"replies":[{"embeddable":true,"href":"https:\/\/ambmanama.esteri.it\/it\/wp-json\/wp\/v2\/comments?post=43"}],"version-history":[{"count":6,"href":"https:\/\/ambmanama.esteri.it\/it\/wp-json\/wp\/v2\/pages\/43\/revisions"}],"predecessor-version":[{"id":3437,"href":"https:\/\/ambmanama.esteri.it\/it\/wp-json\/wp\/v2\/pages\/43\/revisions\/3437"}],"up":[{"embeddable":true,"href":"https:\/\/ambmanama.esteri.it\/it\/wp-json\/wp\/v2\/pages\/14"}],"wp:attachment":[{"href":"https:\/\/ambmanama.esteri.it\/it\/wp-json\/wp\/v2\/media?parent=43"}],"curies":[{"name":"wp","href":"https:\/\/api.w.org\/{rel}","templated":true}]}}