{"id":409,"date":"2023-08-13T16:42:06","date_gmt":"2023-08-13T13:42:06","guid":{"rendered":"https:\/\/ambmanama.esteri.it\/?page_id=409"},"modified":"2023-09-07T13:40:21","modified_gmt":"2023-09-07T10:40:21","slug":"infomercatiesteri","status":"publish","type":"page","link":"https:\/\/ambmanama.esteri.it\/it\/italia-e-bahrein\/diplomazia-economica\/fare-affari-in-bahrein\/infomercatiesteri\/","title":{"rendered":"InfoMercatiEsteri"},"content":{"rendered":"<p><a href=\"https:\/\/www.infomercatiesteri.it\/\"><img loading=\"lazy\" decoding=\"async\" class=\"size-full wp-image-540 img-fluid\" src=\"https:\/\/ambmanama.esteri.it\/wp-content\/uploads\/2023\/09\/InfoMercati-Esteri.png\" alt=\"InfoMercati Esteri\" width=\"1447\" height=\"222\" srcset=\"https:\/\/ambmanama.esteri.it\/wp-content\/uploads\/2023\/09\/InfoMercati-Esteri.png 1447w, https:\/\/ambmanama.esteri.it\/wp-content\/uploads\/2023\/09\/InfoMercati-Esteri-300x46.png 300w, https:\/\/ambmanama.esteri.it\/wp-content\/uploads\/2023\/09\/InfoMercati-Esteri-1024x157.png 1024w, https:\/\/ambmanama.esteri.it\/wp-content\/uploads\/2023\/09\/InfoMercati-Esteri-768x118.png 768w\" sizes=\"auto, (max-width: 1447px) 100vw, 1447px\" \/><\/a><\/p>\n<p><em>InfoMercatiEsteri <\/em>e\u2019 una piattaforma altamente innovativa e completamente gratuita, ideata e realizzata dalla <a href=\"https:\/\/www.esteri.it\/it\/ministero\/Struttura\/DGPromozioneSistemaPaese\/\">Direzione Generale per la Promozione del Sistema Paese della Farnesina<\/a>\u00a0per soddisfare la richiesta di informazioni sui mercati esteri proveniente dagli operatori economici nazionali.<\/p>\n<p>Grazie al costante lavoro di analisi delle Ambasciate e dei Consolati, con la collaborazione delle unit\u00e0 dei ICE-Agenzia\u00a0 in essi integrate, e ai contributi dell&#8217;ENIT e delle Camere di Commercio italiane all&#8217;estero, <a href=\"https:\/\/www.infomercatiesteri.it\/\"><em>infoMercatiEsteri<\/em><\/a> mette a disposizione del sistema produttivo italiano uno strumento ricco di informazioni utili per le scelte di internazionalizzazione.<\/p>\n<p>Scegliendo il percorso di accesso geografico, per ciascun Paese \u00e8 possibile ottenere informazioni su:<\/p>\n<ul>\n<li>outlook economico e politico;<\/li>\n<li>opportunit\u00e0 di mercato e possibilit\u00e0 di partnership con aziende locali e\/o italiane;<\/li>\n<li>prossime iniziative promozionali;<\/li>\n<li>ostacoli agli scambi, criticit\u00e0 negli investimenti e possibili rischi;<\/li>\n<li>accesso al credito;<\/li>\n<li>quadro delle presenze italiana e dei rapporti bilaterali.<\/li>\n<\/ul>\n<p>Alternativamente, scegliendo la modalit\u00e0 di accesso settoriale, \u00e8 possibile acquisire informazioni sul settore prescelto, nonch\u00e9 suggerimenti sui Paesi di prioritario interesse in quel settore secondo criteri personalizzabili relativi al commercio, agli investimenti, alle caratteristiche del mercato e alle segnalazioni provenienti dalle Sedi all&#8217;estero.<\/p>\n<p>Il sito web ufficiale \u00e8 consultabile <a href=\"https:\/\/www.infomercatiesteri.it\/\">cliccando qui<\/a>.<\/p>\n<p>&nbsp;<\/p>\n<hr \/>\n<p>Per ulteriori informazioni \u00e8 possibile rivolgersi all\u2019<em>Ufficio Commerciale dell\u2019Ambasciata<\/em> attraverso <a href=\"https:\/\/nexus.esteri.it\/\">questo link<\/a> o al <em>Desk di ICE-Agenzia<\/em> al seguente indirizzo email: <a href=\"mailto:manama@ice.it\">manama@ice.it<\/a> .<\/p>\n<p>&nbsp;<\/p>\n","protected":false},"excerpt":{"rendered":"InfoMercatiEsteri e\u2019 una piattaforma altamente innovativa e completamente gratuita, ideata e realizzata dalla Direzione Generale per la Promozione del Sistema Paese della Farnesina\u00a0per soddisfare la richiesta di informazioni sui mercati esteri proveniente dagli operatori economici nazionali. Grazie al costante lavoro di analisi delle Ambasciate e dei Consolati, con la collaborazione delle unit\u00e0 dei ICE-Agenzia\u00a0 in [&hellip;]","protected":false},"author":5,"featured_media":0,"parent":95,"menu_order":3,"comment_status":"closed","ping_status":"closed","template":"","meta":{"footnotes":""},"class_list":["post-409","page","type-page","status-publish","hentry"],"_links":{"self":[{"href":"https:\/\/ambmanama.esteri.it\/it\/wp-json\/wp\/v2\/pages\/409","targetHints":{"allow":["GET"]}}],"collection":[{"href":"https:\/\/ambmanama.esteri.it\/it\/wp-json\/wp\/v2\/pages"}],"about":[{"href":"https:\/\/ambmanama.esteri.it\/it\/wp-json\/wp\/v2\/types\/page"}],"author":[{"embeddable":true,"href":"https:\/\/ambmanama.esteri.it\/it\/wp-json\/wp\/v2\/users\/5"}],"replies":[{"embeddable":true,"href":"https:\/\/ambmanama.esteri.it\/it\/wp-json\/wp\/v2\/comments?post=409"}],"version-history":[{"count":3,"href":"https:\/\/ambmanama.esteri.it\/it\/wp-json\/wp\/v2\/pages\/409\/revisions"}],"predecessor-version":[{"id":602,"href":"https:\/\/ambmanama.esteri.it\/it\/wp-json\/wp\/v2\/pages\/409\/revisions\/602"}],"up":[{"embeddable":true,"href":"https:\/\/ambmanama.esteri.it\/it\/wp-json\/wp\/v2\/pages\/95"}],"wp:attachment":[{"href":"https:\/\/ambmanama.esteri.it\/it\/wp-json\/wp\/v2\/media?parent=409"}],"curies":[{"name":"wp","href":"https:\/\/api.w.org\/{rel}","templated":true}]}}