{"id":2598,"date":"2025-03-03T16:16:17","date_gmt":"2025-03-03T13:16:17","guid":{"rendered":"https:\/\/ambmanama.esteri.it\/?page_id=2598"},"modified":"2025-05-25T11:34:14","modified_gmt":"2025-05-25T08:34:14","slug":"carta-didentita-elettronica-cie","status":"publish","type":"page","link":"https:\/\/ambmanama.esteri.it\/it\/servizi-consolari-e-visti\/servizi-per-il-cittadino-italiano\/carta-didentita-elettronica-cie\/","title":{"rendered":"Carta d\u2019identit\u00e0 elettronica \u2013 CIE"},"content":{"rendered":"<p>I cittadini italiani <strong>residenti nella circoscrizione consolare di Manama iscritti all\u2019AIRE<\/strong> possono richiedere il rilascio della Carta d\u2019identit\u00e0 elettronica (CIE).<\/p>\n<p>La Carta di identit\u00e0 Elettronica <u>non viene rilasciata a vista<\/u>, bens\u00ec viene prodotta in Italia e successivamente spedita per posta all\u2019Ambasciata d\u2019Italia a Manama, che provveder\u00e0 a convocare il richiedente presso l\u2019Ufficio Consolare per la consegna del documento.<\/p>\n<ol>\n<li><strong>Che cos\u2019\u00e8 la carta d\u2019identit\u00e0 elettronica?<\/strong><\/li>\n<\/ol>\n<p>La nuova Carta di identit\u00e0 Elettronica \u00e8 un documento multifunzionale: attesta l\u2019identit\u00e0 del cittadino, \u00e8 un documento di viaggio, riporta il codice fiscale e si pu\u00f2 utilizzare per richiedere un\u2019identit\u00e0 sul sistema SPID (Sistema Pubblico di Identit\u00e0 Digitale) con cui accedere ai Servizi erogati dalle Pubbliche Amministrazioni Italiane.<\/p>\n<p>La carta d\u2019identit\u00e0 elettronica equivale al passaporto ai fini dell\u2019espatrio negli Stati membri dell\u2019Unione europea, negli Stati dello Spazio Schengen (UE + Islanda, Norvegia, Svizzera, Liechtenstein) e in quelli in cui vigono particolari accordi internazionali.<\/p>\n<p>Al riguardo, per ulteriori e pi\u00f9 dettagliate informazioni, \u00e8 possibile consultare il sito <a href=\"https:\/\/www.viaggiaresicuri.it\/approfondimenti-insights\/documentidiviaggio\">Viaggiare Sicuri<\/a>.<\/p>\n<p>Attraverso l\u2019app <a href=\"https:\/\/www.cartaidentita.interno.gov.it\/en\/public-and-business-administration\/electronic-signature-with-cie-ciesign\/\">CieSign<\/a> \u00e8 possibile firmare elettronicamente i documenti.<\/p>\n<p>&nbsp;<\/p>\n<ol start=\"2\">\n<li><strong>A chi pu\u00f2 essere rilasciata la carta d\u2019identit\u00e0 elettronica?<\/strong><\/li>\n<\/ol>\n<p>L\u2019Ambasciata d\u2019Italia a Manama pu\u00f2 rilasciare la CIE ai cittadini italiani che <strong>residenti in questa circoscrizione consolare e con iscrizione AIRE perfezionata.<\/strong><\/p>\n<p>Ai fini dell\u2019emissione della CIE \u00e8 indispensabile che il richiedente:<\/p>\n<ul>\n<li>sia iscritto all\u2019AIRE: l\u2019iscrizione AIRE deve essere <u>confermata dal comune italiano di riferimento<\/u>;<\/li>\n<li>che i dati AIRE siano completi, aggiornati e corretti;<\/li>\n<li>abbia l\u2019atto di nascita trascritto in Italia;<\/li>\n<li>abbia il codice fiscale validato. Il Codice Fiscale verr\u00e0 richiesto d\u2019ufficio per chi non ne fosse in possesso<\/li>\n<li>abbia aggiornato la sua posizione negli schedari consolari<\/li>\n<\/ul>\n<p>Nel caso si sia cambiato l\u2019indirizzo di residenza (rispetto a quello comunicato in precedenza all\u2019Ufficio consolare), \u00e8 necessario richiedere la variazione di indirizzo tramite il portale <a href=\"https:\/\/serviziconsolari.esteri.it\/ScoFE\/index.sco\">FAST-IT<\/a> \u00a0prima di procedere alla richiesta della CIE.<\/p>\n<p>&nbsp;<\/p>\n<ol start=\"3\">\n<li><strong>Quando si pu\u00f2 richiedere?<\/strong><\/li>\n<\/ol>\n<p><strong>\u00a0<\/strong><\/p>\n<ul>\n<li>quando il richiedente non sia in possesso di una carta d\u2019identit\u00e0 valida;<\/li>\n<li>in caso di furto, smarrimento o deterioramento della carta precedente;<\/li>\n<li>in sostituzione di una carta di identit\u00e0 cartacea valida;<\/li>\n<li>in caso di scadenza di precedente CIE.<\/li>\n<\/ul>\n<p>&nbsp;<\/p>\n<p>&nbsp;<\/p>\n<ol start=\"4\">\n<li><strong>Come si richiede la carta d\u2019identit\u00e0 elettronica?<\/strong><\/li>\n<\/ol>\n<p>La richiesta della carta d\u2019identit\u00e0 elettronica deve essere presentata all\u2019ufficio consolare, inviando una mail all\u2019indirizzo <a href=\"mailto:consolare.manama@esteri.it\">consolare.manama@esteri.it<\/a>.<\/p>\n<p>Il richiedente dovr\u00e0 anticipare via mail copia del modulo e della documentazione richiesta (v. punto 6).<\/p>\n<p><span style=\"text-decoration: underline;\">Si richiama l&#8217;attenzione sulla necessit\u00e0 di completare l&#8217;istanza in tutte le sue parti, con particolare riferimento all&#8217;indicazione dell&#8217;indirizzo completo ed aggiornato in Bahrein e al possesso o meno di carta d&#8217;identit\u00e0 precedente (sia elettronica che cartacea).\u00a0<\/span><\/p>\n<p>Sar\u00e0 cura dell\u2019Ufficio, previo esame di quanto ricevuto e d espletati gli adempimenti necessari, avvisare il richiedente e proporre un appuntamento per le operazioni che richiedono la sua presenza.<\/p>\n<p>&nbsp;<\/p>\n<p><strong>ATTENZIONE: nel caso in cui, a seguito di verifiche, emergessero elementi che impedissero la lavorazione della richiesta di rilascio della CIE, il connazionale sar\u00e0 informato sulle motivazioni del rigetto.<\/strong><\/p>\n<p>&nbsp;<\/p>\n<ol start=\"5\">\n<li><strong>\u00c8 possibile chiedere l\u2019appuntamento per i miei figli minori?<\/strong><\/li>\n<\/ol>\n<p>S\u00ec. Occorer\u00e0 compilare un modulo ed allegare la documentazione richiesta per ciascuna persona che ha bisogno della nuova carta CIE (richiedenti).<\/p>\n<p>&nbsp;<\/p>\n<ol start=\"6\">\n<li><strong>Qual \u00e8 la documentazione necessaria da portare con s\u00e9 al momento dell\u2019appuntamento per richiedere la carta d\u2019identit\u00e0 elettronica?<\/strong><\/li>\n<\/ol>\n<p>Il richiedente deve presentarsi munito di:<\/p>\n<ul>\n<li>Modulo di richiesta in originale disponibile a questo link <a href=\"https:\/\/ambmanama.esteri.it\/it\/servizi-consolari-e-visti\/servizi-per-il-cittadino-italiano\/modulistica\/\">MODULISTICA \u2013 Ambasciata d&#8217;Italia Manama<\/a>;<\/li>\n<li>Una fotografia formato tessera recente conforme agli standard internazionali <a href=\"https:\/\/www.esteri.it\/it\/servizi-consolari-e-visti\/italiani-all-estero\/documenti_di_viaggio\/linee-guida-foto-icao\/\">ICAO<\/a>;<\/li>\n<li>Carta di identit\u00e0 precedente elettronica o cartacea, anche se scaduta:<\/li>\n<li style=\"list-style-type: none;\">\n<ul>\n<li>in caso di smarrimento o furto della Carta d\u2019Identit\u00e0 in scadenza, denuncia presso le autorit\u00e0 locali, da presentarsi in originale;<\/li>\n<li>in caso di deterioramento, portare la carta deteriorata;<\/li>\n<\/ul>\n<\/li>\n<\/ul>\n<ul>\n<li>Passaporto in corso di validit\u00e0;<\/li>\n<li>Codice Fiscale<\/li>\n<li>Atto di assenso di entrambi genitori nel caso in cui il richiedente sia un minore di 18 anni (vedi punto 11);<\/li>\n<li>Pagamento per l\u2019emissione e la spedizione delle CIE. Il pagamento si effettua in Dinaro del Bahrein, in contanti (vedi punto 10).<\/li>\n<\/ul>\n<p>7.<strong> Quali operazioni sono effettuate in presenza il giorno dell\u2019appuntamento? <\/strong><\/p>\n<p>Il giorno dell\u2019appuntamento, l\u2019operatore consolare acquisisce la documentazione indicata al punto precedente, effettua il riconoscimento e la verifica della foto e acquisisce le impronte digitali e la firma (salvo per i minori di anni 12 e in caso di impedimento fisico).<\/p>\n<p>&nbsp;<\/p>\n<ol start=\"8\">\n<li><strong>Come si riceve la carta d\u2019identit\u00e0 elettronica?<\/strong><\/li>\n<\/ol>\n<p>La CIE \u00e8 emessa dal Ministero dell\u2019Interno e prodotta dall\u2019Istituto Poligrafico e Zecca dello Stato, che la spedisce, a mezzo posta raccomandata, all\u2019Ambasciata d\u2019Italia a Manama. L\u2019Ufficio consolare provveder\u00e0 a convocare il richiedente per la consegna del documento.<\/p>\n<p>&nbsp;<\/p>\n<ol start=\"9\">\n<li><strong> Quanto tempo vale la carta d\u2019identit\u00e0 elettronica?<\/strong><\/li>\n<\/ol>\n<p>La validit\u00e0 della carta d\u2019identit\u00e0 elettronica varia a seconda dell\u2019et\u00e0 del titolare ed \u00e8 di:<\/p>\n<ul>\n<li>3 anni di validit\u00e0 per i minori di et\u00e0 compresa tra 0 e 3 anni;<\/li>\n<li>5 anni di validit\u00e0 per i minori di et\u00e0 compresa tra 4 e 17 anni;<\/li>\n<li>10 anni di validit\u00e0 per maggiorenni.<\/li>\n<\/ul>\n<p>&nbsp;<\/p>\n<ol start=\"10\">\n<li><strong>Quanto costa la carta d\u2019identit\u00e0 elettronica?<\/strong><\/li>\n<\/ol>\n<p>I costi di emissione e di spedizione della CIE ammontano a:<\/p>\n<ul>\n<li>euro 21,95 per il rilascio di una nuova tessera (prima emissione);<\/li>\n<li>euro 27,11 per il rilascio di un duplicato.<\/li>\n<\/ul>\n<p>Al momento della conferma dell\u2019appuntamento, il richiedente verr\u00e0 informato sull\u2019esatto importo da corrispondere (variabile in base tasso di cambio in vigore). \u00a0Il pagamento si effettua in dinari del Bahrain, in contanti il giorno dell\u2019appuntamento.<\/p>\n<p>&nbsp;<\/p>\n<ol start=\"11\">\n<li><strong>Che cos\u2019\u00e8 l\u2019atto di assenso? <\/strong><\/li>\n<\/ol>\n<p>Nel caso il richiedente sia un minore di anni 18, si dovr\u00e0 presentare l\u2019atto di assenso.<\/p>\n<p>Il genitore cittadino italiano o dell\u2019UE, presenta il modulo di assenso compilato, datato e firmato insieme a una fotocopia del passaporto o carta d\u2019identit\u00e0.<\/p>\n<p>Il genitore non cittadino dell\u2019UE, firma l\u2019atto di assenso in presenza presso l\u2019ufficio consolare il giorno dell\u2019appuntamento.<\/p>\n<p>La firma apposta sull\u2019atto di assenso del genitore non cittadino dell\u2019Unione Europea deve essere autenticata presso l\u2019Ufficio consolare al costo di \u20ac 20 00 art.19 TC, pari a circa BHD 8,100.<\/p>\n<p>&nbsp;<\/p>\n<ol start=\"12\">\n<li><strong>Devo chiedere una nuova carta se cambio indirizzo?<\/strong><\/li>\n<\/ol>\n<p>No. La carta d\u2019identit\u00e0 \u00e8 un documento di identit\u00e0 e non di residenza.<\/p>\n<p>&nbsp;<\/p>\n<ol start=\"13\">\n<li><strong>\u00c8 possibile per le donne sposate inserire il cognome del marito?<\/strong><\/li>\n<\/ol>\n<p>No. La carta d\u2019identit\u00e0 \u00e8 un documento di identit\u00e0 e non di stato civile.<\/p>\n<p>&nbsp;<\/p>\n<ol start=\"14\">\n<li><strong>Posso richiedere la carta di identit\u00e0 presso il mio Comune in Italia, anche se residente all\u2019estero?<\/strong><\/li>\n<\/ol>\n<p>Il connazionale dovr\u00e0 verificare con il Comune in Italia.<\/p>\n","protected":false},"excerpt":{"rendered":"I cittadini italiani residenti nella circoscrizione consolare di Manama iscritti all\u2019AIRE possono richiedere il rilascio della Carta d\u2019identit\u00e0 elettronica (CIE). La Carta di identit\u00e0 Elettronica non viene rilasciata a vista, bens\u00ec viene prodotta in Italia e successivamente spedita per posta all\u2019Ambasciata d\u2019Italia a Manama, che provveder\u00e0 a convocare il richiedente presso l\u2019Ufficio Consolare per la [&hellip;]","protected":false},"author":9,"featured_media":0,"parent":47,"menu_order":3,"comment_status":"closed","ping_status":"closed","template":"","meta":{"footnotes":""},"class_list":["post-2598","page","type-page","status-publish","hentry"],"_links":{"self":[{"href":"https:\/\/ambmanama.esteri.it\/it\/wp-json\/wp\/v2\/pages\/2598","targetHints":{"allow":["GET"]}}],"collection":[{"href":"https:\/\/ambmanama.esteri.it\/it\/wp-json\/wp\/v2\/pages"}],"about":[{"href":"https:\/\/ambmanama.esteri.it\/it\/wp-json\/wp\/v2\/types\/page"}],"author":[{"embeddable":true,"href":"https:\/\/ambmanama.esteri.it\/it\/wp-json\/wp\/v2\/users\/9"}],"replies":[{"embeddable":true,"href":"https:\/\/ambmanama.esteri.it\/it\/wp-json\/wp\/v2\/comments?post=2598"}],"version-history":[{"count":4,"href":"https:\/\/ambmanama.esteri.it\/it\/wp-json\/wp\/v2\/pages\/2598\/revisions"}],"predecessor-version":[{"id":3146,"href":"https:\/\/ambmanama.esteri.it\/it\/wp-json\/wp\/v2\/pages\/2598\/revisions\/3146"}],"up":[{"embeddable":true,"href":"https:\/\/ambmanama.esteri.it\/it\/wp-json\/wp\/v2\/pages\/47"}],"wp:attachment":[{"href":"https:\/\/ambmanama.esteri.it\/it\/wp-json\/wp\/v2\/media?parent=2598"}],"curies":[{"name":"wp","href":"https:\/\/api.w.org\/{rel}","templated":true}]}}