{"id":13,"date":"2023-04-11T17:07:36","date_gmt":"2023-04-11T15:07:36","guid":{"rendered":"https:\/\/ambasciatapraga.esteri.it\/?page_id=13"},"modified":"2025-03-27T10:45:20","modified_gmt":"2025-03-27T07:45:20","slug":"chi-siamo","status":"publish","type":"page","link":"https:\/\/ambmanama.esteri.it\/it\/chi-siamo\/","title":{"rendered":"Chi siamo"},"content":{"rendered":"<p>Benvenuti sul sito dell&#8217;Ambasciata d&#8217;Italia a Manama.<\/p>\n<p>In base alla\u00a0<a href=\"http:\/\/legal.un.org\/ilc\/texts\/instruments\/english\/conventions\/9_1_1961.pdf\" target=\"_blank\" rel=\"noopener\">Convenzione di Vienna sulle relazioni diplomatiche del 18 aprile 1961<\/a>, le funzioni dell\u2019Ambasciata sono, tra le altre, di:<\/p>\n<ul>\n<li>rappresentare l\u2019Italia nel Regno del Bahrein;<\/li>\n<li>proteggere gli interessi dell\u2019Italia e dei suoi cittadini, nei limiti ammessi dal diritto internazionale;<\/li>\n<li>negoziare con il governo del Regno del Bahrein;<\/li>\n<li>informarsi, con ogni mezzo lecito, delle condizioni e dell\u2019evoluzione degli avvenimenti in Bahrein e riferire allo Stato italiano;<\/li>\n<li>promuovere relazioni amichevoli e sviluppare le relazioni economiche, culturali e scientifiche tra l\u2019Italia e il Bahrein.<\/li>\n<\/ul>\n<p>Il personale dell\u2019Ambasciata, articolato in diversi Uffici \u00e8 composto sia da personale del\u00a0<a href=\"http:\/\/www.esteri.it\/mae\/it\/\" target=\"_blank\" rel=\"noopener\">Ministero degli Esteri e della Cooperazione Internazionale<\/a> italiano che di altri Ministeri ed organismi pubblici italiani.<\/p>\n<p>Il Capo Missione e&#8217; l&#8217;Ambasciatore Andrea Catalano.<\/p>\n<p>Presso l&#8217;Ambasciata e&#8217; ubicata la Cancelleria Consolare in Bahrein e il Desk ICE.\u00a0 Attraverso la sua Cancelleria Consolare, l\u2019Ambasciata d\u2019Italia fornisce una serie di servizi consolari \u00a0ai cittadini italiani e stranieri residenti in Bahrein.<\/p>\n<p>Nelle pagine che compongono il sito internet e&#8217; possibile reperire informazioni e documenti concernenti l&#8217;erogazione dei servizi consolari, gli indirizzi utili per il supporto alle attivita&#8217; commerciali, i numeri di emergenza nonche&#8217; le news sulle attivita&#8217; culturali dell&#8217;Ambasciata.<\/p>\n<hr \/>\n<p style=\"text-align: center;\"><img loading=\"lazy\" decoding=\"async\" class=\"img-fluid aligncenter wp-image-699 size-full\" src=\"https:\/\/ambmanama.esteri.it\/wp-content\/uploads\/2023\/09\/Logo-Social-Media.jpg\" alt=\"\" width=\"149\" height=\"53\" \/><\/p>\n<p style=\"text-align: center;\"><strong>\u00a0 SOCIAL MEDIA<\/strong><\/p>\n<p>&nbsp;<\/p>\n<p>L&#8217;Ambasciata e&#8217; presente sui <span style=\"text-decoration: underline;\"><strong>social media<\/strong><\/span> attraverso i seguenti profili ufficiali:<\/p>\n<p><strong>Instagram<\/strong>: @<a href=\"https:\/\/www.instagram.com\/italyinbahrain\">italyinbahrain<\/a><\/p>\n<p><strong>X (Twitter)<\/strong>: @<a href=\"https:\/\/twitter.com\/ItalyinBahrain\">ItalyInBahrain<\/a><\/p>\n<p><strong>Facebook<\/strong>: <a href=\"https:\/\/www.facebook.com\/ItalyinBahrain\/\">Ambasciata d&#8217;Italia in Bahrein \/ Embassy of Italy in Bahrain<\/a><\/p>\n<p>&nbsp;<\/p>\n<p style=\"text-align: justify;\"><strong><br \/>\n<\/strong>Questa Ambasciata utilizza i social media per finalit\u00e0 istituzionali, per accrescere la trasparenza e la conoscenza delle proprie attivit\u00e0: informa, comunica, ascolta e pubblica contenuti di carattere istituzionale.<\/p>\n<p style=\"text-align: justify;\">I contenuti pubblicati comprendono fotografie, video istituzionali, comunicati stampa, informazioni di servizio, notizie relative all\u2019attivit\u00e0 di questa sede nonch\u00e9 opportunit\u00e0 di coinvolgimento e partecipazione dei cittadini. I dati personali sono utilizzati nel rispetto della normativa relativa alla protezione dei dati.<\/p>\n<p style=\"text-align: justify;\">Attraverso i propri canali social, questa sede pu\u00f2 condividere e rilanciare contenuti e messaggi di pubblico interesse e utilit\u00e0 pubblicate da altri utenti.<\/p>\n<p style=\"text-align: justify;\">Questa Ambasciata si impegna a gestire spazi di comunicazione e dialogo all\u2019interno dei propri profili social media chiedendo ai propri utenti il rispetto di alcune semplici regole:<\/p>\n<ol style=\"text-align: justify;\">\n<li>A tutti si chiede di esporre la propria opinione con correttezza, misura e rispetto.<\/li>\n<li>Nei social media ognuno \u00e8 responsabile dei contenuti che pubblica e delle opinioni che esprime. Non saranno comunque tollerati insulti, volgarit\u00e0, offese, minacce e, in generale, atteggiamenti violenti o diffamatori.<\/li>\n<li>I contenuti pubblicati devono rispettare sempre la protezione di dati personali. Vanno evitati riferimenti a fatti o a dettagli privi di rilevanza pubblica e che ledano la sfera personale di terzi.<\/li>\n<li>L\u2019interesse degli argomenti rispetto alle attivit\u00e0 di questa sede \u00e8 un requisito essenziale: non \u00e8 possibile in alcun modo utilizzare questi spazi per scopi diversi da quelli istituzionali.<\/li>\n<li>Ogni discussione \u00e8 legata a un tema specifico: a tutti i partecipanti \u00e8 richiesto di rispettarlo, evitando di allargare il confronto in modo generico e indiscriminato.<\/li>\n<li>Non sar\u00e0 tollerata alcuna forma di pubblicit\u00e0, spam o promozione di interessi privati o di attivit\u00e0 illegali.<\/li>\n<li>Non sono ammessi contenuti che violino il diritto d\u2019autore n\u00e9 l\u2019utilizzo non autorizzato di marchi registrati.<\/li>\n<\/ol>\n<p style=\"text-align: justify;\">In ogni caso, ove il social media lo permetta, saranno rimossi dallo staff tutti i post, i commenti o i materiali audio\/video che:<\/p>\n<ul style=\"text-align: justify;\">\n<li>presentano un linguaggio inappropriato e\/o un tono minaccioso, violento, volgare o irrispettoso;<\/li>\n<li>presentano contenuti illeciti o di incitamento a compiere attivit\u00e0 illecite;<\/li>\n<li>hanno contenuti offensivi, ingannevoli, allarmistici, o in violazione di diritti di terzi;<\/li>\n<li>divulgano dati e informazioni personali o che possono cagionare danni o ledere la reputazione di terzi;<\/li>\n<li>presentano contenuti a contenuto osceno, pornografico o pedopornografico, o tale da offendere la sensibilit\u00e0 degli utenti;<\/li>\n<li>hanno un contenuto discriminatorio per genere, razza, etnia, lingua, credo religioso, opinioni politiche, orientamento sessuale, et\u00e0, condizioni personali e sociali;<\/li>\n<li>promuovono o sostengono attivit\u00e0 illegali, che violano la protezione del diritto di autore o che utilizzano in modo improprio un marchio registrato.<\/li>\n<\/ul>\n<p style=\"text-align: justify;\">Per chi dovesse violare ripetutamente queste condizioni o quelle contenute nelle policy degli strumenti adottati, questa sede, coerentemente con la Social Media Policy del MAECI, si riserva il diritto di usare il ban o il blocco (quando possibile dopo un primo avvertimento) per impedire ulteriori interventi, e di segnalare l\u2019utente ai responsabili della piattaforma ed eventualmente alle forze dell\u2019ordine<\/p>\n<p style=\"text-align: justify;\">Questa Sede non interagisce con gli utenti attraverso i propri profili social, che non sostituiscono i consueti canali di accesso del pubblico ai servizi di informazione e assistenza. \u00c8 possibile contattare la sede come indicato nella sezione dedicata del sito.<\/p>\n<p>&nbsp;<\/p>\n<p>&nbsp;<\/p>\n<p style=\"text-align: center;\"><a href=\"https:\/\/www.esteri.it\/it\/sala_stampa\/socialfarnesina\/\"><img loading=\"lazy\" decoding=\"async\" class=\"aligncenter size-full wp-image-695 img-fluid\" src=\"https:\/\/ambmanama.esteri.it\/wp-content\/uploads\/2023\/09\/Logo-Social-Media-Farnesina.jpg\" alt=\"\" width=\"473\" height=\"266\" srcset=\"https:\/\/ambmanama.esteri.it\/wp-content\/uploads\/2023\/09\/Logo-Social-Media-Farnesina.jpg 473w, https:\/\/ambmanama.esteri.it\/wp-content\/uploads\/2023\/09\/Logo-Social-Media-Farnesina-300x169.jpg 300w\" sizes=\"auto, (max-width: 473px) 100vw, 473px\" \/><\/a><\/p>\n","protected":false},"excerpt":{"rendered":"Benvenuti sul sito dell&#8217;Ambasciata d&#8217;Italia a Manama. In base alla\u00a0Convenzione di Vienna sulle relazioni diplomatiche del 18 aprile 1961, le funzioni dell\u2019Ambasciata sono, tra le altre, di: rappresentare l\u2019Italia nel Regno del Bahrein; proteggere gli interessi dell\u2019Italia e dei suoi cittadini, nei limiti ammessi dal diritto internazionale; negoziare con il governo del Regno del Bahrein; [&hellip;]","protected":false},"author":1,"featured_media":0,"parent":0,"menu_order":2,"comment_status":"closed","ping_status":"closed","template":"","meta":{"footnotes":""},"class_list":["post-13","page","type-page","status-publish","hentry"],"_links":{"self":[{"href":"https:\/\/ambmanama.esteri.it\/it\/wp-json\/wp\/v2\/pages\/13","targetHints":{"allow":["GET"]}}],"collection":[{"href":"https:\/\/ambmanama.esteri.it\/it\/wp-json\/wp\/v2\/pages"}],"about":[{"href":"https:\/\/ambmanama.esteri.it\/it\/wp-json\/wp\/v2\/types\/page"}],"author":[{"embeddable":true,"href":"https:\/\/ambmanama.esteri.it\/it\/wp-json\/wp\/v2\/users\/1"}],"replies":[{"embeddable":true,"href":"https:\/\/ambmanama.esteri.it\/it\/wp-json\/wp\/v2\/comments?post=13"}],"version-history":[{"count":6,"href":"https:\/\/ambmanama.esteri.it\/it\/wp-json\/wp\/v2\/pages\/13\/revisions"}],"predecessor-version":[{"id":2731,"href":"https:\/\/ambmanama.esteri.it\/it\/wp-json\/wp\/v2\/pages\/13\/revisions\/2731"}],"wp:attachment":[{"href":"https:\/\/ambmanama.esteri.it\/it\/wp-json\/wp\/v2\/media?parent=13"}],"curies":[{"name":"wp","href":"https:\/\/api.w.org\/{rel}","templated":true}]}}